{"id":12,"date":"2019-11-07T13:00:48","date_gmt":"2019-11-07T13:00:48","guid":{"rendered":"https:\/\/www.solecol.ch\/wp\/?page_id=12"},"modified":"2024-02-24T11:26:41","modified_gmt":"2024-02-24T11:26:41","slug":"portrait","status":"publish","type":"page","link":"https:\/\/www.solecol.ch\/?page_id=12","title":{"rendered":"Qui sommes-nous ?"},"content":{"rendered":"\t\t<div data-elementor-type=\"wp-page\" data-elementor-id=\"12\" class=\"elementor elementor-12\">\n\t\t\t\t\t\t\t\t\t<section class=\"elementor-section elementor-top-section elementor-element elementor-element-6ecf180 elementor-section-stretched elementor-section-full_width elementor-section-height-default elementor-section-height-default\" data-id=\"6ecf180\" data-element_type=\"section\" data-settings=\"{&quot;stretch_section&quot;:&quot;section-stretched&quot;}\">\n\t\t\t\t\t\t<div class=\"elementor-container elementor-column-gap-default\">\n\t\t\t\t\t<div class=\"elementor-column elementor-col-100 elementor-top-column elementor-element elementor-element-f98d8e6\" data-id=\"f98d8e6\" data-element_type=\"column\">\n\t\t\t<div class=\"elementor-widget-wrap elementor-element-populated\">\n\t\t\t\t\t\t\t\t<div class=\"elementor-element elementor-element-84c7a8c elementor-widget elementor-widget-text-editor\" data-id=\"84c7a8c\" data-element_type=\"widget\" data-widget_type=\"text-editor.default\">\n\t\t\t\t<div class=\"elementor-widget-container\">\n\t\t\t\t\t\t\t<h1 style=\"text-align: center;\">Descriptif de l&rsquo;Association<\/h1><p>L\u2019association SolEcol Suisse, \u00e0 but non lucratif, a \u00e9t\u00e9 constitu\u00e9e en ao\u00fbt 2014 sous l\u2019inspiration de son<br \/>Fondateur, le P\u00e8re Jean-Pierre Bwalwel, O.M.I., entour\u00e9 de six autres personnes.<\/p><ul><li>Par un don financier (exon\u00e9r\u00e9 d\u2019imp\u00f4ts) vous devenez membre de l\u2019association.<\/li><li>En versant la cotisation annuelle de CHF 25.00 vous obtenez le droit de vote \u00e0 l\u2019assembl\u00e9e<br \/>g\u00e9n\u00e9rale.<\/li><li>En devenant Parrain-Marraine, vous soutenez les \u00e9tudes de la m\u00eame jeune fille durant son<br \/>cursus universitaire et vous cr\u00e9ez des liens particuliers avec elle.<\/li><\/ul><p>Devenir membre de l\u2019association signifie soutenir les \u00e9tudiantes dans leurs formations professionnelles<br \/>et devenir un semeur de r\u00eaves.<\/p><p>Le comit\u00e9 de l\u2019association est compos\u00e9 de douze membres tous b\u00e9n\u00e9voles.<\/p><p><a href=\"https:\/\/www.solecol.ch\/wp-content\/uploads\/2024\/01\/comite2024.pdf\" target=\"_blank\" rel=\"noopener\"><strong><span style=\"color: #ff6600;\"><span style=\"color: #0000ff;\">Membres du comit\u00e9<\/span><\/span><\/strong><\/a><\/p>\t\t\t\t\t\t<\/div>\n\t\t\t\t<\/div>\n\t\t\t\t\t<\/div>\n\t\t<\/div>\n\t\t\t\t\t\t\t<\/div>\n\t\t<\/section>\n\t\t\t\t\t\t\t<\/div>\n\t\t","protected":false},"excerpt":{"rendered":"<p>Descriptif de l&rsquo;Association L\u2019association SolEcol Suisse, \u00e0 but non lucratif, a \u00e9t\u00e9 constitu\u00e9e en ao\u00fbt 2014 sous l\u2019inspiration de sonFondateur, le P\u00e8re Jean-Pierre Bwalwel, O.M.I., entour\u00e9 de six autres personnes. Par un don financier (exon\u00e9r\u00e9 d\u2019imp\u00f4ts) vous devenez membre de l\u2019association. En versant la cotisation annuelle de CHF 25.00 vous obtenez le droit de vote [&hellip;]<\/p>\n","protected":false},"author":1,"featured_media":0,"parent":0,"menu_order":0,"comment_status":"closed","ping_status":"closed","template":"","meta":{"footnotes":""},"_links":{"self":[{"href":"https:\/\/www.solecol.ch\/index.php?rest_route=\/wp\/v2\/pages\/12"}],"collection":[{"href":"https:\/\/www.solecol.ch\/index.php?rest_route=\/wp\/v2\/pages"}],"about":[{"href":"https:\/\/www.solecol.ch\/index.php?rest_route=\/wp\/v2\/types\/page"}],"author":[{"embeddable":true,"href":"https:\/\/www.solecol.ch\/index.php?rest_route=\/wp\/v2\/users\/1"}],"replies":[{"embeddable":true,"href":"https:\/\/www.solecol.ch\/index.php?rest_route=%2Fwp%2Fv2%2Fcomments&post=12"}],"version-history":[{"count":52,"href":"https:\/\/www.solecol.ch\/index.php?rest_route=\/wp\/v2\/pages\/12\/revisions"}],"predecessor-version":[{"id":1159,"href":"https:\/\/www.solecol.ch\/index.php?rest_route=\/wp\/v2\/pages\/12\/revisions\/1159"}],"wp:attachment":[{"href":"https:\/\/www.solecol.ch\/index.php?rest_route=%2Fwp%2Fv2%2Fmedia&parent=12"}],"curies":[{"name":"wp","href":"https:\/\/api.w.org\/{rel}","templated":true}]}}