{"id":13,"date":"2019-11-07T13:00:48","date_gmt":"2019-11-07T13:00:48","guid":{"rendered":"https:\/\/www.solecol.ch\/wp\/?page_id=13"},"modified":"2024-01-19T15:10:00","modified_gmt":"2024-01-19T15:10:00","slug":"grandir","status":"publish","type":"page","link":"https:\/\/www.solecol.ch\/?page_id=13","title":{"rendered":"Grandir"},"content":{"rendered":"\t\t<div data-elementor-type=\"wp-page\" data-elementor-id=\"13\" class=\"elementor elementor-13\">\n\t\t\t\t\t\t\t\t\t<section class=\"elementor-section elementor-top-section elementor-element elementor-element-915cad7 elementor-section-stretched elementor-section-full_width elementor-section-height-default elementor-section-height-default\" data-id=\"915cad7\" data-element_type=\"section\" data-settings=\"{&quot;stretch_section&quot;:&quot;section-stretched&quot;,&quot;background_background&quot;:&quot;classic&quot;}\">\n\t\t\t\t\t\t<div class=\"elementor-container elementor-column-gap-default\">\n\t\t\t\t\t<div class=\"elementor-column elementor-col-100 elementor-top-column elementor-element elementor-element-b49d052\" data-id=\"b49d052\" data-element_type=\"column\">\n\t\t\t<div class=\"elementor-widget-wrap elementor-element-populated\">\n\t\t\t\t\t\t\t\t<div class=\"elementor-element elementor-element-e257208 elementor-widget elementor-widget-text-editor\" data-id=\"e257208\" data-element_type=\"widget\" data-widget_type=\"text-editor.default\">\n\t\t\t\t<div class=\"elementor-widget-container\">\n\t\t\t\t\t\t\t<section id=\"grandir\" class=\"bg-color : #ffffff\"><div class=\"container\"><div class=\"row\"><div class=\"col-lg-8 mx-auto text-justify\"><h1 class=\"section-heading text-black\" style=\"text-align: center;\"><strong>Grandir &#8211; SolEcol Kinshasa<\/strong><\/h1><p>Une association se doit de \u00ab\u00a0grandir\u00a0\u00bb, de d\u00e9velopper des synergies, afin de ne pas rester juste locale.<br \/>Ainsi elle peut mener des actions similaires, \u00e0 deux endroits diff\u00e9rents. C\u2019est pourquoi une antenne \u00e0 Kinshasa a vu le jour, en mai 2018 ; une structure associative identique \u00e0 celle de la Suisse. Rien de tel que d\u2019\u00eatre directement sur le terrain, avec sa r\u00e9alit\u00e9 du quotidien pour soutenir nos \u00e9tudiantes, par des conseils personnalis\u00e9s dans leurs voies, parfois dans leur d\u00e9placement, au niveau familial, de sant\u00e9, de mat\u00e9riel, etc\u2026<\/p><p>Les deux entit\u00e9s travaillent et collaborent dans le m\u00eame but : aider les jeunes filles, leur garantir une bourse d\u2019\u00e9tude, financ\u00e9e par des dons, afin de poursuivre leur formation sup\u00e9rieure \/ professionnelle.<\/p><\/div><\/div><\/div><\/section>\t\t\t\t\t\t<\/div>\n\t\t\t\t<\/div>\n\t\t\t\t\t<\/div>\n\t\t<\/div>\n\t\t\t\t\t\t\t<\/div>\n\t\t<\/section>\n\t\t\t\t\t\t\t<\/div>\n\t\t","protected":false},"excerpt":{"rendered":"<p>Grandir &#8211; SolEcol Kinshasa Une association se doit de \u00ab\u00a0grandir\u00a0\u00bb, de d\u00e9velopper des synergies, afin de ne pas rester juste locale.Ainsi elle peut mener des actions similaires, \u00e0 deux endroits diff\u00e9rents. C\u2019est pourquoi une antenne \u00e0 Kinshasa a vu le jour, en mai 2018 ; une structure associative identique \u00e0 celle de la Suisse. Rien [&hellip;]<\/p>\n","protected":false},"author":1,"featured_media":0,"parent":0,"menu_order":0,"comment_status":"closed","ping_status":"closed","template":"","meta":{"footnotes":""},"class_list":["post-13","page","type-page","status-publish","hentry","entry"],"_links":{"self":[{"href":"https:\/\/www.solecol.ch\/index.php?rest_route=\/wp\/v2\/pages\/13","targetHints":{"allow":["GET"]}}],"collection":[{"href":"https:\/\/www.solecol.ch\/index.php?rest_route=\/wp\/v2\/pages"}],"about":[{"href":"https:\/\/www.solecol.ch\/index.php?rest_route=\/wp\/v2\/types\/page"}],"author":[{"embeddable":true,"href":"https:\/\/www.solecol.ch\/index.php?rest_route=\/wp\/v2\/users\/1"}],"replies":[{"embeddable":true,"href":"https:\/\/www.solecol.ch\/index.php?rest_route=%2Fwp%2Fv2%2Fcomments&post=13"}],"version-history":[{"count":26,"href":"https:\/\/www.solecol.ch\/index.php?rest_route=\/wp\/v2\/pages\/13\/revisions"}],"predecessor-version":[{"id":1136,"href":"https:\/\/www.solecol.ch\/index.php?rest_route=\/wp\/v2\/pages\/13\/revisions\/1136"}],"wp:attachment":[{"href":"https:\/\/www.solecol.ch\/index.php?rest_route=%2Fwp%2Fv2%2Fmedia&parent=13"}],"curies":[{"name":"wp","href":"https:\/\/api.w.org\/{rel}","templated":true}]}}