{"id":15,"date":"2019-11-07T13:00:48","date_gmt":"2019-11-07T13:00:48","guid":{"rendered":"https:\/\/www.solecol.ch\/wp\/?page_id=15"},"modified":"2024-12-23T13:53:43","modified_gmt":"2024-12-23T13:53:43","slug":"informer","status":"publish","type":"page","link":"https:\/\/www.solecol.ch\/?page_id=15","title":{"rendered":"Informer"},"content":{"rendered":"\t\t<div data-elementor-type=\"wp-page\" data-elementor-id=\"15\" class=\"elementor elementor-15\">\n\t\t\t\t\t\t\t\t\t<section class=\"elementor-section elementor-top-section elementor-element elementor-element-79ac073 elementor-section-stretched elementor-section-full_width elementor-section-height-default elementor-section-height-default\" data-id=\"79ac073\" data-element_type=\"section\" data-settings=\"{&quot;stretch_section&quot;:&quot;section-stretched&quot;}\">\n\t\t\t\t\t\t<div class=\"elementor-container elementor-column-gap-default\">\n\t\t\t\t\t<div class=\"elementor-column elementor-col-100 elementor-top-column elementor-element elementor-element-0b4667a\" data-id=\"0b4667a\" data-element_type=\"column\">\n\t\t\t<div class=\"elementor-widget-wrap elementor-element-populated\">\n\t\t\t\t\t\t\t\t<div class=\"elementor-element elementor-element-efef8df elementor-widget elementor-widget-text-editor\" data-id=\"efef8df\" data-element_type=\"widget\" data-widget_type=\"text-editor.default\">\n\t\t\t\t<div class=\"elementor-widget-container\">\n\t\t\t\t\t\t\t<section><div><div><div><h1 style=\"text-align: center;\"><strong>Informer &#8211; Bulletin d&rsquo;information<\/strong><\/h1><p>Le Bulletin d\u2019information publi\u00e9 une fois l\u2019an vous informe du d\u00e9veloppement de l\u2019association. Il vous\u00a0<span style=\"font-size: 20px; background-color: transparent;\">donne \u00e9galement des nouvelles des boursi\u00e8res et de leurs \u00e9tudes.<\/span><\/p><p><a href=\"https:\/\/www.solecol.ch\/wp-content\/uploads\/2024\/12\/bulletin12online.pdf\"><span style=\"color: #0000ff;\"><strong>Bulletin d&rsquo;information 2024\u00a0<\/strong>(4 pages)<\/span><\/a><\/p><\/div><\/div><\/div><\/section>\t\t\t\t\t\t<\/div>\n\t\t\t\t<\/div>\n\t\t\t\t\t<\/div>\n\t\t<\/div>\n\t\t\t\t\t\t\t<\/div>\n\t\t<\/section>\n\t\t\t\t\t\t\t<\/div>\n\t\t","protected":false},"excerpt":{"rendered":"<p>Informer &#8211; Bulletin d&rsquo;information Le Bulletin d\u2019information publi\u00e9 une fois l\u2019an vous informe du d\u00e9veloppement de l\u2019association. Il vous\u00a0donne \u00e9galement des nouvelles des boursi\u00e8res et de leurs \u00e9tudes. Bulletin d&rsquo;information 2024\u00a0(4 pages)<\/p>\n","protected":false},"author":1,"featured_media":0,"parent":0,"menu_order":0,"comment_status":"closed","ping_status":"closed","template":"","meta":{"footnotes":""},"class_list":["post-15","page","type-page","status-publish","hentry","entry"],"_links":{"self":[{"href":"https:\/\/www.solecol.ch\/index.php?rest_route=\/wp\/v2\/pages\/15","targetHints":{"allow":["GET"]}}],"collection":[{"href":"https:\/\/www.solecol.ch\/index.php?rest_route=\/wp\/v2\/pages"}],"about":[{"href":"https:\/\/www.solecol.ch\/index.php?rest_route=\/wp\/v2\/types\/page"}],"author":[{"embeddable":true,"href":"https:\/\/www.solecol.ch\/index.php?rest_route=\/wp\/v2\/users\/1"}],"replies":[{"embeddable":true,"href":"https:\/\/www.solecol.ch\/index.php?rest_route=%2Fwp%2Fv2%2Fcomments&post=15"}],"version-history":[{"count":44,"href":"https:\/\/www.solecol.ch\/index.php?rest_route=\/wp\/v2\/pages\/15\/revisions"}],"predecessor-version":[{"id":1178,"href":"https:\/\/www.solecol.ch\/index.php?rest_route=\/wp\/v2\/pages\/15\/revisions\/1178"}],"wp:attachment":[{"href":"https:\/\/www.solecol.ch\/index.php?rest_route=%2Fwp%2Fv2%2Fmedia&parent=15"}],"curies":[{"name":"wp","href":"https:\/\/api.w.org\/{rel}","templated":true}]}}