{"id":16,"date":"2019-11-07T13:00:48","date_gmt":"2019-11-07T13:00:48","guid":{"rendered":"https:\/\/www.solecol.ch\/wp\/?page_id=16"},"modified":"2024-01-19T15:16:13","modified_gmt":"2024-01-19T15:16:13","slug":"parrainage","status":"publish","type":"page","link":"https:\/\/www.solecol.ch\/?page_id=16","title":{"rendered":"Parrainage"},"content":{"rendered":"\t\t<div data-elementor-type=\"wp-page\" data-elementor-id=\"16\" class=\"elementor elementor-16\">\n\t\t\t\t\t\t\t\t\t<section class=\"elementor-section elementor-top-section elementor-element elementor-element-10ac632 elementor-section-stretched elementor-section-full_width elementor-section-height-default elementor-section-height-default\" data-id=\"10ac632\" data-element_type=\"section\" data-settings=\"{&quot;stretch_section&quot;:&quot;section-stretched&quot;}\">\n\t\t\t\t\t\t<div class=\"elementor-container elementor-column-gap-default\">\n\t\t\t\t\t<div class=\"elementor-column elementor-col-100 elementor-top-column elementor-element elementor-element-6f21982\" data-id=\"6f21982\" data-element_type=\"column\">\n\t\t\t<div class=\"elementor-widget-wrap elementor-element-populated\">\n\t\t\t\t\t\t\t\t<div class=\"elementor-element elementor-element-ea5e14c elementor-widget elementor-widget-text-editor\" data-id=\"ea5e14c\" data-element_type=\"widget\" data-widget_type=\"text-editor.default\">\n\t\t\t\t<div class=\"elementor-widget-container\">\n\t\t\t\t\t\t\t<section id=\"parrainage\" class=\"bg-color : #ffffff\"><div class=\"container\"><div class=\"row\"><div class=\"col-lg-8 mx-auto text-justify\"><h1 class=\"section-heading text-black\" style=\"text-align: center;\"><strong>Parrainage<\/strong><\/h1><p class=\"text-black mb-4\">Pour la rentr\u00e9e 2023-2024, sept de nos \u00e9tudiantes b\u00e9n\u00e9ficient d\u2019un parrainage. Que leurs parrains-<br \/>marraines soient infiniment remerci\u00e9s de leur fid\u00e9lit\u00e9 en finan\u00e7ant l\u2019entier de leurs \u00e9tudes.<\/p><p class=\"text-black mb-4\">Les parrains-marraines re\u00e7oivent des nouvelles de leurs filleules ce qui cr\u00e9e un lien plus personnalis\u00e9<br \/>dans l\u2019engagement de soutien \u00e0 SolEcol.<\/p><\/div><\/div><\/div><\/section>\t\t\t\t\t\t<\/div>\n\t\t\t\t<\/div>\n\t\t\t\t\t<\/div>\n\t\t<\/div>\n\t\t\t\t\t\t\t<\/div>\n\t\t<\/section>\n\t\t\t\t\t\t\t<\/div>\n\t\t","protected":false},"excerpt":{"rendered":"<p>Parrainage Pour la rentr\u00e9e 2023-2024, sept de nos \u00e9tudiantes b\u00e9n\u00e9ficient d\u2019un parrainage. Que leurs parrains-marraines soient infiniment remerci\u00e9s de leur fid\u00e9lit\u00e9 en finan\u00e7ant l\u2019entier de leurs \u00e9tudes. Les parrains-marraines re\u00e7oivent des nouvelles de leurs filleules ce qui cr\u00e9e un lien plus personnalis\u00e9dans l\u2019engagement de soutien \u00e0 SolEcol.<\/p>\n","protected":false},"author":1,"featured_media":0,"parent":0,"menu_order":0,"comment_status":"closed","ping_status":"closed","template":"","meta":{"footnotes":""},"class_list":["post-16","page","type-page","status-publish","hentry","entry"],"_links":{"self":[{"href":"https:\/\/www.solecol.ch\/index.php?rest_route=\/wp\/v2\/pages\/16","targetHints":{"allow":["GET"]}}],"collection":[{"href":"https:\/\/www.solecol.ch\/index.php?rest_route=\/wp\/v2\/pages"}],"about":[{"href":"https:\/\/www.solecol.ch\/index.php?rest_route=\/wp\/v2\/types\/page"}],"author":[{"embeddable":true,"href":"https:\/\/www.solecol.ch\/index.php?rest_route=\/wp\/v2\/users\/1"}],"replies":[{"embeddable":true,"href":"https:\/\/www.solecol.ch\/index.php?rest_route=%2Fwp%2Fv2%2Fcomments&post=16"}],"version-history":[{"count":22,"href":"https:\/\/www.solecol.ch\/index.php?rest_route=\/wp\/v2\/pages\/16\/revisions"}],"predecessor-version":[{"id":1145,"href":"https:\/\/www.solecol.ch\/index.php?rest_route=\/wp\/v2\/pages\/16\/revisions\/1145"}],"wp:attachment":[{"href":"https:\/\/www.solecol.ch\/index.php?rest_route=%2Fwp%2Fv2%2Fmedia&parent=16"}],"curies":[{"name":"wp","href":"https:\/\/api.w.org\/{rel}","templated":true}]}}