{"id":338,"date":"2019-11-09T15:21:10","date_gmt":"2019-11-09T15:21:10","guid":{"rendered":"https:\/\/www.solecol.ch\/wp\/?page_id=338"},"modified":"2024-01-19T14:43:58","modified_gmt":"2024-01-19T14:43:58","slug":"unpont","status":"publish","type":"page","link":"https:\/\/www.solecol.ch\/?page_id=338","title":{"rendered":"Un projet novateur"},"content":{"rendered":"\t\t<div data-elementor-type=\"wp-page\" data-elementor-id=\"338\" class=\"elementor elementor-338\">\n\t\t\t\t\t\t\t\t\t<section class=\"elementor-section elementor-top-section elementor-element elementor-element-c82c75a elementor-section-stretched elementor-section-full_width elementor-section-height-default elementor-section-height-default\" data-id=\"c82c75a\" data-element_type=\"section\" data-settings=\"{&quot;stretch_section&quot;:&quot;section-stretched&quot;}\">\n\t\t\t\t\t\t<div class=\"elementor-container elementor-column-gap-default\">\n\t\t\t\t\t<div class=\"elementor-column elementor-col-100 elementor-top-column elementor-element elementor-element-c6103ba\" data-id=\"c6103ba\" data-element_type=\"column\">\n\t\t\t<div class=\"elementor-widget-wrap elementor-element-populated\">\n\t\t\t\t\t\t\t\t<div class=\"elementor-element elementor-element-2d503a5 elementor-widget elementor-widget-text-editor\" data-id=\"2d503a5\" data-element_type=\"widget\" data-widget_type=\"text-editor.default\">\n\t\t\t\t<div class=\"elementor-widget-container\">\n\t\t\t\t\t\t\t<h1 class=\"section-heading text-black\" style=\"text-align: center;\">Un projet novateur<\/h1><h2 class=\"section-heading text-black\" style=\"text-align: center;\">Nous croyons fermement \u00e0 l\u2019\u00e9galit\u00e9 des chances. Notre but est de soutenir ces jeunes filles,<br \/>souvent menac\u00e9es par la pauvret\u00e9, en leur permettant d\u2019\u00e9tudier puis de devenir autonome<br \/>avec un m\u00e9tier qui leur permette de subvenir \u00e0 leurs besoins.<\/h2><p class=\"text-black mb-4\" style=\"text-align: center;\">La formation des femmes, c\u2019est l\u2019avenir d\u2019une nation. La femme africaine est entreprenante et \u00e0 son<br \/>tour, elle va vouloir \u00e9duquer ses propres enfants.<\/p><p class=\"text-black mb-4\">\u00a0<\/p>\t\t\t\t\t\t<\/div>\n\t\t\t\t<\/div>\n\t\t\t\t\t<\/div>\n\t\t<\/div>\n\t\t\t\t\t\t\t<\/div>\n\t\t<\/section>\n\t\t\t\t\t\t\t<\/div>\n\t\t","protected":false},"excerpt":{"rendered":"<p>Un projet novateur Nous croyons fermement \u00e0 l\u2019\u00e9galit\u00e9 des chances. Notre but est de soutenir ces jeunes filles,souvent menac\u00e9es par la pauvret\u00e9, en leur permettant d\u2019\u00e9tudier puis de devenir autonomeavec un m\u00e9tier qui leur permette de subvenir \u00e0 leurs besoins. La formation des femmes, c\u2019est l\u2019avenir d\u2019une nation. La femme africaine est entreprenante et \u00e0 [&hellip;]<\/p>\n","protected":false},"author":1,"featured_media":0,"parent":0,"menu_order":0,"comment_status":"closed","ping_status":"closed","template":"","meta":{"footnotes":""},"class_list":["post-338","page","type-page","status-publish","hentry","entry"],"_links":{"self":[{"href":"https:\/\/www.solecol.ch\/index.php?rest_route=\/wp\/v2\/pages\/338","targetHints":{"allow":["GET"]}}],"collection":[{"href":"https:\/\/www.solecol.ch\/index.php?rest_route=\/wp\/v2\/pages"}],"about":[{"href":"https:\/\/www.solecol.ch\/index.php?rest_route=\/wp\/v2\/types\/page"}],"author":[{"embeddable":true,"href":"https:\/\/www.solecol.ch\/index.php?rest_route=\/wp\/v2\/users\/1"}],"replies":[{"embeddable":true,"href":"https:\/\/www.solecol.ch\/index.php?rest_route=%2Fwp%2Fv2%2Fcomments&post=338"}],"version-history":[{"count":28,"href":"https:\/\/www.solecol.ch\/index.php?rest_route=\/wp\/v2\/pages\/338\/revisions"}],"predecessor-version":[{"id":1124,"href":"https:\/\/www.solecol.ch\/index.php?rest_route=\/wp\/v2\/pages\/338\/revisions\/1124"}],"wp:attachment":[{"href":"https:\/\/www.solecol.ch\/index.php?rest_route=%2Fwp%2Fv2%2Fmedia&parent=338"}],"curies":[{"name":"wp","href":"https:\/\/api.w.org\/{rel}","templated":true}]}}