{"id":9,"date":"2019-11-07T13:00:48","date_gmt":"2019-11-07T13:00:48","guid":{"rendered":"https:\/\/www.solecol.ch\/wp\/?page_id=9"},"modified":"2024-01-19T15:07:56","modified_gmt":"2024-01-19T15:07:56","slug":"un-pont","status":"publish","type":"page","link":"https:\/\/www.solecol.ch\/?page_id=9","title":{"rendered":"Construire"},"content":{"rendered":"\t\t<div data-elementor-type=\"wp-page\" data-elementor-id=\"9\" class=\"elementor elementor-9\">\n\t\t\t\t\t\t\t\t\t<section class=\"elementor-section elementor-top-section elementor-element elementor-element-4d7799d elementor-section-stretched elementor-section-full_width elementor-section-height-default elementor-section-height-default\" data-id=\"4d7799d\" data-element_type=\"section\" data-settings=\"{&quot;stretch_section&quot;:&quot;section-stretched&quot;}\">\n\t\t\t\t\t\t<div class=\"elementor-container elementor-column-gap-default\">\n\t\t\t\t\t<div class=\"elementor-column elementor-col-100 elementor-top-column elementor-element elementor-element-a0db849\" data-id=\"a0db849\" data-element_type=\"column\">\n\t\t\t<div class=\"elementor-widget-wrap elementor-element-populated\">\n\t\t\t\t\t\t\t\t<div class=\"elementor-element elementor-element-5fa6fa7 elementor-widget elementor-widget-text-editor\" data-id=\"5fa6fa7\" data-element_type=\"widget\" data-widget_type=\"text-editor.default\">\n\t\t\t\t<div class=\"elementor-widget-container\">\n\t\t\t\t\t\t\t<h1 class=\"section-heading text-black\" style=\"text-align: center;\">Construire<\/h1><p class=\"text-black mb-4\">Depuis pr\u00e8s de vingt ans, le P\u00e8re Jean-Pierre Bwalwel, O.M.I., r\u00e9sidant \u00e0 Kinshasa RDC, passe l\u2019\u00e9t\u00e9 \u00e0 Lausanne.<\/p><p class=\"text-black mb-4\">Educateur et formateur des jeunes, il \u00e9tudie \u00e0 Fribourg et travaille sur la grande mis\u00e8re urbaine \u00e0 Kinshasa, sujet de sa th\u00e8se de Doctorat.<\/p><p class=\"text-black mb-4\">Autour de lui, un groupe d\u2019amis s\u2019est form\u00e9 et ensemble, ils ont le souci de l\u2019avenir des jeunes filles titulaires d\u2019une maturit\u00e9 mais sans moyen pour poursuivre leurs \u00e9tudes. Ainsi est n\u00e9e en 2014 l\u2019Association SolEcol.<\/p>\t\t\t\t\t\t<\/div>\n\t\t\t\t<\/div>\n\t\t\t\t\t<\/div>\n\t\t<\/div>\n\t\t\t\t\t\t\t<\/div>\n\t\t<\/section>\n\t\t\t\t\t\t\t<\/div>\n\t\t","protected":false},"excerpt":{"rendered":"<p>Construire Depuis pr\u00e8s de vingt ans, le P\u00e8re Jean-Pierre Bwalwel, O.M.I., r\u00e9sidant \u00e0 Kinshasa RDC, passe l\u2019\u00e9t\u00e9 \u00e0 Lausanne. Educateur et formateur des jeunes, il \u00e9tudie \u00e0 Fribourg et travaille sur la grande mis\u00e8re urbaine \u00e0 Kinshasa, sujet de sa th\u00e8se de Doctorat. Autour de lui, un groupe d\u2019amis s\u2019est form\u00e9 et ensemble, ils ont [&hellip;]<\/p>\n","protected":false},"author":1,"featured_media":0,"parent":0,"menu_order":0,"comment_status":"closed","ping_status":"closed","template":"","meta":{"footnotes":""},"class_list":["post-9","page","type-page","status-publish","hentry","entry"],"_links":{"self":[{"href":"https:\/\/www.solecol.ch\/index.php?rest_route=\/wp\/v2\/pages\/9","targetHints":{"allow":["GET"]}}],"collection":[{"href":"https:\/\/www.solecol.ch\/index.php?rest_route=\/wp\/v2\/pages"}],"about":[{"href":"https:\/\/www.solecol.ch\/index.php?rest_route=\/wp\/v2\/types\/page"}],"author":[{"embeddable":true,"href":"https:\/\/www.solecol.ch\/index.php?rest_route=\/wp\/v2\/users\/1"}],"replies":[{"embeddable":true,"href":"https:\/\/www.solecol.ch\/index.php?rest_route=%2Fwp%2Fv2%2Fcomments&post=9"}],"version-history":[{"count":19,"href":"https:\/\/www.solecol.ch\/index.php?rest_route=\/wp\/v2\/pages\/9\/revisions"}],"predecessor-version":[{"id":1133,"href":"https:\/\/www.solecol.ch\/index.php?rest_route=\/wp\/v2\/pages\/9\/revisions\/1133"}],"wp:attachment":[{"href":"https:\/\/www.solecol.ch\/index.php?rest_route=%2Fwp%2Fv2%2Fmedia&parent=9"}],"curies":[{"name":"wp","href":"https:\/\/api.w.org\/{rel}","templated":true}]}}